{"id":8,"date":"2024-02-01T15:31:52","date_gmt":"2024-02-01T15:31:52","guid":{"rendered":"https:\/\/ezgrm.beeweb-orange.io\/?page_id=8"},"modified":"2025-10-14T13:48:25","modified_gmt":"2025-10-14T13:48:25","slug":"hem","status":"publish","type":"page","link":"https:\/\/stiftelsengreta.se\/","title":{"rendered":"Hem"},"content":{"rendered":"<p>[et_pb_section fb_built=&#8221;1&#8243; admin_label=&#8221;Header&#8221; _builder_version=&#8221;4.24.3&#8243; _module_preset=&#8221;default&#8221; background_image=&#8221;https:\/\/www.stiftelsengreta.se\/wp-content\/uploads\/2024\/03\/Aurora-Borealis_FRI_ret_op.jpg&#8221; parallax=&#8221;on&#8221; custom_padding=&#8221;6vw||||false|false&#8221; collapsed=&#8221;off&#8221; global_colors_info=&#8221;{}&#8221;][et_pb_row _builder_version=&#8221;4.24.2&#8243; _module_preset=&#8221;default&#8221; width=&#8221;90%&#8221; max_width=&#8221;none&#8221; global_colors_info=&#8221;{}&#8221;][et_pb_column type=&#8221;4_4&#8243; _builder_version=&#8221;4.24.1&#8243; _module_preset=&#8221;default&#8221; global_colors_info=&#8221;{}&#8221;][et_pb_image src=&#8221;https:\/\/www.stiftelsengreta.se\/wp-content\/uploads\/2024\/03\/Logo_Stiftelsen-Greta_vit_web.png&#8221; alt=&#8221;Logo Stiftelsen Greta&#8221; title_text=&#8221;fine-dining-illustration-1@2x&#8221; align=&#8221;center&#8221; _builder_version=&#8221;4.24.0&#8243; _module_preset=&#8221;default&#8221; max_width=&#8221;70%&#8221; custom_margin=&#8221;||10px||false|false&#8221; global_colors_info=&#8221;{}&#8221;][\/et_pb_image][\/et_pb_column][\/et_pb_row][\/et_pb_section][et_pb_section fb_built=&#8221;1&#8243; admin_label=&#8221;About&#8221; _builder_version=&#8221;4.24.2&#8243; _module_preset=&#8221;default&#8221; background_color=&#8221;rgba(224,224,224,0.54)&#8221; custom_padding=&#8221;8vw||8vw||true|false&#8221; box_shadow_style=&#8221;preset3&#8243; box_shadow_position=&#8221;inner&#8221; collapsed=&#8221;off&#8221; global_colors_info=&#8221;{}&#8221;][et_pb_row _builder_version=&#8221;4.24.1&#8243; _module_preset=&#8221;default&#8221; global_colors_info=&#8221;{}&#8221;][et_pb_column type=&#8221;4_4&#8243; _builder_version=&#8221;4.24.1&#8243; _module_preset=&#8221;default&#8221; global_colors_info=&#8221;{}&#8221;][et_pb_text _builder_version=&#8221;4.24.0&#8243; _module_preset=&#8221;8fbc61ed-3825-4046-b99b-23f48e533595&#8243; global_colors_info=&#8221;{}&#8221;]<\/p>\n<h4 style=\"text-align: center;\">Stiftelsen Greta<\/h4>\n<p>[\/et_pb_text][et_pb_text _builder_version=&#8221;4.24.0&#8243; _module_preset=&#8221;eda44913-036c-4b72-81e1-4768aaa4a84d&#8221; global_colors_info=&#8221;{}&#8221;]<\/p>\n<h3 style=\"text-align: center;\">\u00a0En stiftelse som i positiv anda fr\u00e4mjar kulturell verksamhet i norra Sverige.<\/h3>\n<p>[\/et_pb_text][\/et_pb_column][\/et_pb_row][\/et_pb_section][et_pb_section fb_built=&#8221;1&#8243; admin_label=&#8221;Historik&#8221; _builder_version=&#8221;4.24.2&#8243; _module_preset=&#8221;default&#8221; use_background_color_gradient=&#8221;on&#8221; background_color_gradient_stops=&#8221;#023e72 0%|rgba(0,9,135,0.48) 100%&#8221; background_color_gradient_overlays_image=&#8221;on&#8221; background_image=&#8221;https:\/\/www.stiftelsengreta.se\/wp-content\/uploads\/2024\/03\/Aurora-Borealis_FRI_ret_op.jpg&#8221; parallax=&#8221;on&#8221; custom_padding=&#8221;8%||8%||true|false&#8221; bottom_divider_style=&#8221;mountains&#8221; bottom_divider_color=&#8221;rgba(224,224,224,0.54)&#8221; bottom_divider_height=&#8221;68px&#8221; bottom_divider_flip=&#8221;vertical&#8221; collapsed=&#8221;off&#8221; global_colors_info=&#8221;{}&#8221;][et_pb_row _builder_version=&#8221;4.24.1&#8243; _module_preset=&#8221;default&#8221; max_width=&#8221;800px&#8221; global_colors_info=&#8221;{}&#8221;][et_pb_column type=&#8221;4_4&#8243; _builder_version=&#8221;4.24.1&#8243; _module_preset=&#8221;default&#8221; global_colors_info=&#8221;{}&#8221;][et_pb_text _builder_version=&#8221;4.24.0&#8243; _module_preset=&#8221;011adafd-ecd2-40c6-8c13-10f9f6c19693&#8243; header_2_text_color=&#8221;#FFFFFF&#8221; text_orientation=&#8221;center&#8221; global_colors_info=&#8221;{}&#8221;]<\/p>\n<h2>Historik<\/h2>\n<p>[\/et_pb_text][et_pb_text _builder_version=&#8221;4.24.0&#8243; _module_preset=&#8221;634b76f9-0f5e-41ce-9131-86b91e2cbc6f&#8221; text_text_color=&#8221;#FFFFFF&#8221; global_colors_info=&#8221;{}&#8221;]<\/p>\n<p style=\"text-align: center;\">N\u00e4r Polarbr\u00f6ds anmoder Greta Nilsson fyllde 93 \u00e5r, hyllades hon med en stiftelse som i positiv anda fr\u00e4mjar kulturell verksamhet i norra Sverige f\u00f6r m\u00e4nniskors v\u00e4lbefinnande. Greta var kulturellt intresserad och hon var en sann vision\u00e4r, vilket inte minst visade sig d\u00e5 hon skapade och lanserade den v\u00e4lk\u00e4nda Renkl\u00e4mman.<\/p>\n<p style=\"text-align: center;\">\n<p style=\"text-align: center;\">Hennes genuina stolthet f\u00f6r \u00c4lvsbyn och Norrland har betytt mycket b\u00e5de f\u00f6r familjen och f\u00f6retaget. <br \/>Via Stiftelsen Greta st\u00f6ttar familjen bakom Polarbr\u00f6d andra eldsj\u00e4lar som, precis som Greta, vill n\u00e5 ut med god kvalitet fr\u00e5n Norrland till v\u00e4rlden.<\/p>\n<p>[\/et_pb_text][\/et_pb_column][\/et_pb_row][et_pb_row column_structure=&#8221;1_2,1_2&#8243; _builder_version=&#8221;4.24.0&#8243; _module_preset=&#8221;default&#8221; global_colors_info=&#8221;{}&#8221;][et_pb_column type=&#8221;1_2&#8243; _builder_version=&#8221;4.24.0&#8243; _module_preset=&#8221;default&#8221; global_colors_info=&#8221;{}&#8221;][et_pb_image src=&#8221;https:\/\/www.stiftelsengreta.se\/wp-content\/uploads\/2024\/03\/Greta-Nilsson-polarkakan.jpg&#8221; title_text=&#8221;Greta Nilsson polarkakan&#8221; _builder_version=&#8221;4.24.0&#8243; _module_preset=&#8221;default&#8221; global_colors_info=&#8221;{}&#8221;][\/et_pb_image][\/et_pb_column][et_pb_column type=&#8221;1_2&#8243; _builder_version=&#8221;4.24.0&#8243; _module_preset=&#8221;default&#8221; global_colors_info=&#8221;{}&#8221;][et_pb_image src=&#8221;https:\/\/www.stiftelsengreta.se\/wp-content\/uploads\/2024\/03\/Renklamma.jpg&#8221; title_text=&#8221;Renkl\u00e4mma&#8221; _builder_version=&#8221;4.24.0&#8243; _module_preset=&#8221;default&#8221; global_colors_info=&#8221;{}&#8221;][\/et_pb_image][\/et_pb_column][\/et_pb_row][et_pb_row _builder_version=&#8221;4.24.1&#8243; _module_preset=&#8221;default&#8221; max_width=&#8221;800px&#8221; global_colors_info=&#8221;{}&#8221;][et_pb_column type=&#8221;4_4&#8243; _builder_version=&#8221;4.24.1&#8243; _module_preset=&#8221;default&#8221; global_colors_info=&#8221;{}&#8221;][et_pb_text _builder_version=&#8221;4.24.0&#8243; _module_preset=&#8221;634b76f9-0f5e-41ce-9131-86b91e2cbc6f&#8221; text_text_color=&#8221;#FFFFFF&#8221; global_colors_info=&#8221;{}&#8221;]<\/p>\n<p>P\u00e5 bilden till v\u00e4nster syns Elisabet och Greta Nilsson n\u00e4r de demonstrerar Polar Sandwich p\u00e5 Norrlandscenter i Stockholm 1971. Bilden till h\u00f6ger visar en reklambild med Renkl\u00e4mman fr\u00e5n 1980-talet.<\/p>\n<p>&nbsp;<\/p>\n<p>[\/et_pb_text][\/et_pb_column][\/et_pb_row][\/et_pb_section][et_pb_section fb_built=&#8221;1&#8243; admin_label=&#8221;Gallery&#8221; _builder_version=&#8221;4.24.2&#8243; _module_preset=&#8221;default&#8221; background_color=&#8221;rgba(224,224,224,0.54)&#8221; top_divider_color=&#8221;#023e72&#8243; top_divider_flip=&#8221;vertical|horizontal&#8221; top_divider_arrangement=&#8221;above_content&#8221; collapsed=&#8221;off&#8221; global_colors_info=&#8221;{}&#8221;][et_pb_row _builder_version=&#8221;4.24.0&#8243; _module_preset=&#8221;default&#8221; global_colors_info=&#8221;{}&#8221;][et_pb_column type=&#8221;4_4&#8243; _builder_version=&#8221;4.24.0&#8243; _module_preset=&#8221;default&#8221; global_colors_info=&#8221;{}&#8221;][et_pb_text content_tablet=&#8221;<\/p>\n<h3 style=%22text-align: center;%22>V\u00e4lkommen in med en ans\u00f6kan<\/h3>\n<p>&#8221; content_phone=&#8221;<\/p>\n<h2 style=%22text-align: center;%22>V\u00e4lkommen in med en ans\u00f6kan<\/h2>\n<p>&#8221; content_last_edited=&#8221;on|phone&#8221; _builder_version=&#8221;4.24.2&#8243; _module_preset=&#8221;eda44913-036c-4b72-81e1-4768aaa4a84d&#8221; header_text_align=&#8221;center&#8221; custom_margin=&#8221;40px||||false|false&#8221; global_colors_info=&#8221;{}&#8221;]<\/p>\n<h3 style=\"text-align: center;\">V\u00e4lkommen in med en ans\u00f6kan<\/h3>\n<p>[\/et_pb_text][et_pb_text _builder_version=&#8221;4.24.2&#8243; _module_preset=&#8221;default&#8221; custom_margin=&#8221;30px||30px||true|false&#8221; global_colors_info=&#8221;{}&#8221;]<\/p>\n<h3 style=\"text-align: center;\">SKICKA IN DIN ANS\u00d6KAN<\/h3>\n<p style=\"text-align: center;\"><span style=\"color: #666666; font-size: 16px;\">Fyll i era uppgifter i formul\u00e4ret nedan och bifoga:<br \/><strong>1. Finansieringsplan<\/strong><br \/><\/span><span style=\"color: #666666; font-size: 16px;\"><strong>2. Budget<\/strong><br \/><strong>3. Synopsis<\/strong> (i de fall det f\u00f6rekommer)<br \/><\/span><\/p>\n<p><span style=\"color: #666666; font-size: 16px;\"><\/span><\/p>\n<p><span style=\"color: #666666; font-size: 16px;\"><\/span><\/p>\n<p><span style=\"color: #666666; font-size: 16px;\"><\/span><\/p>\n<h3 style=\"text-align: center;\">STYRELSENS BESLUT<\/h3>\n<p style=\"text-align: center;\">Styrelsen sammantr\u00e4der cirka fem g\u00e5nger per \u00e5r. <br \/>Efter respektive sammantr\u00e4de meddelas alla bidragss\u00f6kande om styrelsens beslut via mejl.<\/p>\n<p>[\/et_pb_text][\/et_pb_column][\/et_pb_row][et_pb_row _builder_version=&#8221;4.24.2&#8243; _module_preset=&#8221;default&#8221; background_color=&#8221;rgba(224,153,0,0)&#8221; background_enable_pattern_style=&#8221;on&#8221; background_pattern_style=&#8221;tufted&#8221; background_pattern_color=&#8221;rgba(0,0,0,0.13)&#8221; width=&#8221;100%&#8221; width_tablet=&#8221;100%&#8221; width_phone=&#8221;100%&#8221; width_last_edited=&#8221;on|desktop&#8221; custom_margin=&#8221;5%||5%||true|false&#8221; custom_padding=&#8221;5%|5%|5%|5%|true|true&#8221; border_radii=&#8221;on|8px|8px|8px|8px&#8221; border_style_top=&#8221;dotted&#8221; box_shadow_style=&#8221;preset3&#8243; global_colors_info=&#8221;{}&#8221;][et_pb_column type=&#8221;4_4&#8243; _builder_version=&#8221;4.24.2&#8243; _module_preset=&#8221;default&#8221; global_colors_info=&#8221;{}&#8221;][et_pb_contact_form email=&#8221;greta@polarbrod.se&#8221; title=&#8221;Ans\u00f6kningsformul\u00e4r&#8221; success_message=&#8221;Tack f\u00f6r er ans\u00f6kan! Vi tar upp den i v\u00e5rt kommande m\u00f6te i Stiftelsen Greta och h\u00f6r av oss efter m\u00f6tet. Ha det bra s\u00e5 l\u00e4nge!&#8221; submit_button_text=&#8221;Skicka in ans\u00f6kan&#8221; _builder_version=&#8221;4.27.4&#8243; _module_preset=&#8221;default&#8221; _unique_id=&#8221;c236122c-9b59-4be5-ade4-977def1eb54e&#8221; form_field_background_color=&#8221;#FFFFFF&#8221; form_field_text_color=&#8221;rgba(0,0,0,0.55)&#8221; title_level=&#8221;h2&#8243; title_font=&#8221;|600|||||||&#8221; title_text_align=&#8221;center&#8221; title_text_color=&#8221;rgba(0,0,0,0.56)&#8221; title_line_height=&#8221;1.4em&#8221; captcha_font=&#8221;|600|||||||&#8221; captcha_text_color=&#8221;#000000&#8243; captcha_font_size=&#8221;24px&#8221; form_field_letter_spacing=&#8221;1px&#8221; form_field_line_height=&#8221;1.5em&#8221; custom_button=&#8221;on&#8221; button_text_color=&#8221;#FFFFFF&#8221; button_bg_color=&#8221;#023E72&#8243; button_border_width=&#8221;0px&#8221; button_border_radius=&#8221;10px&#8221; button_font=&#8221;|600|||||||&#8221; button_icon=&#8221;&#x4e;||divi||400&#8243; button_custom_margin=&#8221;40px||||false|false&#8221; text_orientation=&#8221;left&#8221; custom_padding=&#8221;||10%||false|false&#8221; hover_enabled=&#8221;0&#8243; r_enable_confirmation=&#8221;on&#8221; r_confirmation_subject=&#8221;Tack f\u00f6r din ans\u00f6kan hos Stiftelsen Greta&#8221; border_radii=&#8221;on|6px|6px|6px|6px&#8221; box_shadow_style=&#8221;preset3&#8243; box_shadow_vertical=&#8221;7px&#8221; box_shadow_blur=&#8221;14px&#8221; box_shadow_style_button=&#8221;preset3&#8243; global_colors_info=&#8221;{}&#8221; use_spam_service=&#8221;on&#8221; recaptcha_list=&#8221;Default-0&#8243; sticky_enabled=&#8221;0&#8243;][et_pb_contact_field field_id=&#8221;Namn-person&#8221; field_title=&#8221;Namn p\u00e5 s\u00f6kande&#8221; fullwidth_field=&#8221;on&#8221; _builder_version=&#8221;4.24.3&#8243; _module_preset=&#8221;default&#8221; global_colors_info=&#8221;{}&#8221;][\/et_pb_contact_field][et_pb_contact_field field_id=&#8221;Tel&#8221; field_title=&#8221;Tel nr&#8221; allowed_symbols=&#8221;numbers&#8221; fullwidth_field=&#8221;on&#8221; _builder_version=&#8221;4.24.3&#8243; _module_preset=&#8221;default&#8221; global_colors_info=&#8221;{}&#8221;][\/et_pb_contact_field][et_pb_contact_field field_id=&#8221;Epost&#8221; field_title=&#8221;E-post&#8221; field_type=&#8221;email&#8221; fullwidth_field=&#8221;on&#8221; _builder_version=&#8221;4.24.2&#8243; global_colors_info=&#8221;{}&#8221; button_text_size__hover_enabled=&#8221;off&#8221; button_one_text_size__hover_enabled=&#8221;off&#8221; button_two_text_size__hover_enabled=&#8221;off&#8221; button_text_color__hover_enabled=&#8221;off&#8221; button_one_text_color__hover_enabled=&#8221;off&#8221; button_two_text_color__hover_enabled=&#8221;off&#8221; button_border_width__hover_enabled=&#8221;off&#8221; button_one_border_width__hover_enabled=&#8221;off&#8221; button_two_border_width__hover_enabled=&#8221;off&#8221; button_border_color__hover_enabled=&#8221;off&#8221; button_one_border_color__hover_enabled=&#8221;off&#8221; button_two_border_color__hover_enabled=&#8221;off&#8221; button_border_radius__hover_enabled=&#8221;off&#8221; button_one_border_radius__hover_enabled=&#8221;off&#8221; button_two_border_radius__hover_enabled=&#8221;off&#8221; button_letter_spacing__hover_enabled=&#8221;off&#8221; button_one_letter_spacing__hover_enabled=&#8221;off&#8221; button_two_letter_spacing__hover_enabled=&#8221;off&#8221; button_bg_color__hover_enabled=&#8221;off&#8221; button_one_bg_color__hover_enabled=&#8221;off&#8221; button_two_bg_color__hover_enabled=&#8221;off&#8221;][\/et_pb_contact_field][et_pb_contact_field field_id=&#8221;Belopp&#8221; field_title=&#8221;S\u00f6kt belopp&#8221; fullwidth_field=&#8221;on&#8221; _builder_version=&#8221;4.24.2&#8243; _module_preset=&#8221;default&#8221; global_colors_info=&#8221;{}&#8221;][\/et_pb_contact_field][et_pb_contact_field field_id=&#8221;Betalningsalternativ&#8221; field_title=&#8221;V\u00e4nligen v\u00e4lj \u00f6nskad betalningsl\u00f6sning f\u00f6r bidragsutbetalning&#8221; field_type=&#8221;radio&#8221; radio_options=&#8221;%91{%22value%22:%22Bankgiro%22,%22checked%22:0,%22dragID%22:-1},{%22value%22:%22Plusgiro%22,%22checked%22:0,%22dragID%22:0},{%22value%22:%22Bankkonto%22,%22checked%22:0,%22dragID%22:1}%93&#8243; fullwidth_field=&#8221;on&#8221; _builder_version=&#8221;4.24.3&#8243; _module_preset=&#8221;default&#8221; global_colors_info=&#8221;{}&#8221;][\/et_pb_contact_field][et_pb_contact_field field_id=&#8221;Bankgiro&#8221; field_title=&#8221;Bankgiro&#8221; fullwidth_field=&#8221;on&#8221; conditional_logic=&#8221;on&#8221; conditional_logic_rules=&#8221;%91{%22field%22:%22betalningsalternativ%22,%22condition%22:%22is%22,%22value%22:%22Bankgiro%22}%93&#8243; _builder_version=&#8221;4.24.2&#8243; _module_preset=&#8221;default&#8221; global_colors_info=&#8221;{}&#8221;][\/et_pb_contact_field][et_pb_contact_field field_id=&#8221;Plusgiro&#8221; field_title=&#8221;Plusgiro&#8221; fullwidth_field=&#8221;on&#8221; conditional_logic=&#8221;on&#8221; conditional_logic_rules=&#8221;%91{%22field%22:%22betalningsalternativ%22,%22condition%22:%22is%22,%22value%22:%22Plusgiro%22}%93&#8243; _builder_version=&#8221;4.24.2&#8243; _module_preset=&#8221;default&#8221; global_colors_info=&#8221;{}&#8221;][\/et_pb_contact_field][et_pb_contact_field field_id=&#8221;Clearingnr&#8221; field_title=&#8221;Clearingnummer&#8221; allowed_symbols=&#8221;numbers&#8221; fullwidth_field=&#8221;on&#8221; conditional_logic=&#8221;on&#8221; conditional_logic_rules=&#8221;%91{%22field%22:%22betalningsalternativ%22,%22condition%22:%22is%22,%22value%22:%22Bankkonto%22}%93&#8243; _builder_version=&#8221;4.24.2&#8243; _module_preset=&#8221;default&#8221; global_colors_info=&#8221;{}&#8221;][\/et_pb_contact_field][et_pb_contact_field field_id=&#8221;Kontonummer&#8221; field_title=&#8221;Kontonummer&#8221; allowed_symbols=&#8221;numbers&#8221; fullwidth_field=&#8221;on&#8221; conditional_logic=&#8221;on&#8221; conditional_logic_rules=&#8221;%91{%22field%22:%22betalningsalternativ%22,%22condition%22:%22is%22,%22value%22:%22Bankkonto%22}%93&#8243; _builder_version=&#8221;4.24.2&#8243; _module_preset=&#8221;default&#8221; global_colors_info=&#8221;{}&#8221;][\/et_pb_contact_field][et_pb_contact_field field_id=&#8221;Banknamn&#8221; field_title=&#8221;Bankens namn&#8221; fullwidth_field=&#8221;on&#8221; conditional_logic=&#8221;on&#8221; conditional_logic_rules=&#8221;%91{%22field%22:%22betalningsalternativ%22,%22condition%22:%22is%22,%22value%22:%22Bankkonto%22}%93&#8243; _builder_version=&#8221;4.24.2&#8243; _module_preset=&#8221;default&#8221; global_colors_info=&#8221;{}&#8221;][\/et_pb_contact_field][et_pb_contact_field field_id=&#8221;Kontoinnehavare&#8221; field_title=&#8221;Kontoinnehavares namn&#8221; fullwidth_field=&#8221;on&#8221; conditional_logic=&#8221;on&#8221; conditional_logic_relation=&#8221;on&#8221; conditional_logic_rules=&#8221;%91{%22field%22:%22betalningsalternativ%22,%22condition%22:%22is%22,%22value%22:%22Bankkonto%22}%93&#8243; _builder_version=&#8221;4.24.2&#8243; _module_preset=&#8221;default&#8221; global_colors_info=&#8221;{}&#8221;][\/et_pb_contact_field][et_pb_contact_field field_id=&#8221;Info&#8221; field_title=&#8221;Uppgifter om projektet&#8221; field_type=&#8221;text&#8221; fullwidth_field=&#8221;on&#8221; _builder_version=&#8221;4.24.2&#8243; text_orientation=&#8221;left&#8221; global_colors_info=&#8221;{}&#8221; button_text_size__hover_enabled=&#8221;off&#8221; button_one_text_size__hover_enabled=&#8221;off&#8221; button_two_text_size__hover_enabled=&#8221;off&#8221; button_text_color__hover_enabled=&#8221;off&#8221; button_one_text_color__hover_enabled=&#8221;off&#8221; button_two_text_color__hover_enabled=&#8221;off&#8221; button_border_width__hover_enabled=&#8221;off&#8221; button_one_border_width__hover_enabled=&#8221;off&#8221; button_two_border_width__hover_enabled=&#8221;off&#8221; button_border_color__hover_enabled=&#8221;off&#8221; button_one_border_color__hover_enabled=&#8221;off&#8221; button_two_border_color__hover_enabled=&#8221;off&#8221; button_border_radius__hover_enabled=&#8221;off&#8221; button_one_border_radius__hover_enabled=&#8221;off&#8221; button_two_border_radius__hover_enabled=&#8221;off&#8221; button_letter_spacing__hover_enabled=&#8221;off&#8221; button_one_letter_spacing__hover_enabled=&#8221;off&#8221; button_two_letter_spacing__hover_enabled=&#8221;off&#8221; button_bg_color__hover_enabled=&#8221;off&#8221; button_one_bg_color__hover_enabled=&#8221;off&#8221; button_two_bg_color__hover_enabled=&#8221;off&#8221;][\/et_pb_contact_field][et_pb_contact_field field_id=&#8221;Upload_field&#8221; field_title=&#8221;Bifoga Finansieringsplan, Budget och ev Synopsis (OBS! Namnge alla dina filer med ditt f\u00f6r- och efternamn f\u00f6r l\u00e4ttare hantering)&#8221; fullwidth_field=&#8221;on&#8221; _builder_version=&#8221;4.24.3&#8243; _module_preset=&#8221;default&#8221; custom_padding=&#8221;||10%||false|false&#8221; attach_advanced_fields=&#8221;on&#8221; attach_multiple_files=&#8221;on&#8221; attach_file_count=&#8221;3&#8243; attach_button_text=&#8221;Bifoga max 3 bilagor&#8221; attach_change_file_label=&#8221;Byt bilaga&#8221; attach_no_file_label=&#8221;Ingen bilaga vald&#8221; global_colors_info=&#8221;{}&#8221;][\/et_pb_contact_field][et_pb_contact_field field_id=&#8221;GDPR&#8221; field_title=&#8221;GDPR accept&#8221; field_type=&#8221;checkbox&#8221; checkbox_options=&#8221;%91{%22value%22:%22Jag accepterar att ni sparar mina\/v\u00e5ra l\u00e4mnade uppgifter enligt GDPR.%22,%22checked%22:0,%22dragID%22:-1}%93&#8243; fullwidth_field=&#8221;on&#8221; _builder_version=&#8221;4.24.2&#8243; _module_preset=&#8221;default&#8221; global_colors_info=&#8221;{}&#8221;][\/et_pb_contact_field][\/et_pb_contact_form][\/et_pb_column][\/et_pb_row][\/et_pb_section]<\/p>\n","protected":false},"excerpt":{"rendered":"<p>Stiftelsen Greta\u00a0En stiftelse som i positiv anda fr\u00e4mjar kulturell verksamhet i norra Sverige.HistorikN\u00e4r Polarbr\u00f6ds anmoder Greta Nilsson fyllde 93 \u00e5r, hyllades hon med en stiftelse som i positiv anda fr\u00e4mjar kulturell verksamhet i norra Sverige f\u00f6r m\u00e4nniskors v\u00e4lbefinnande. Greta var kulturellt intresserad och hon var en sann vision\u00e4r, vilket inte minst visade sig d\u00e5 hon [&hellip;]<\/p>\n","protected":false},"author":1,"featured_media":0,"parent":0,"menu_order":0,"comment_status":"closed","ping_status":"closed","template":"","meta":{"_et_pb_use_builder":"on","_et_pb_old_content":"","_et_gb_content_width":"","footnotes":""},"class_list":["post-8","page","type-page","status-publish","hentry"],"_links":{"self":[{"href":"https:\/\/stiftelsengreta.se\/index.php?rest_route=\/wp\/v2\/pages\/8","targetHints":{"allow":["GET"]}}],"collection":[{"href":"https:\/\/stiftelsengreta.se\/index.php?rest_route=\/wp\/v2\/pages"}],"about":[{"href":"https:\/\/stiftelsengreta.se\/index.php?rest_route=\/wp\/v2\/types\/page"}],"author":[{"embeddable":true,"href":"https:\/\/stiftelsengreta.se\/index.php?rest_route=\/wp\/v2\/users\/1"}],"replies":[{"embeddable":true,"href":"https:\/\/stiftelsengreta.se\/index.php?rest_route=%2Fwp%2Fv2%2Fcomments&post=8"}],"version-history":[{"count":47,"href":"https:\/\/stiftelsengreta.se\/index.php?rest_route=\/wp\/v2\/pages\/8\/revisions"}],"predecessor-version":[{"id":998,"href":"https:\/\/stiftelsengreta.se\/index.php?rest_route=\/wp\/v2\/pages\/8\/revisions\/998"}],"wp:attachment":[{"href":"https:\/\/stiftelsengreta.se\/index.php?rest_route=%2Fwp%2Fv2%2Fmedia&parent=8"}],"curies":[{"name":"wp","href":"https:\/\/api.w.org\/{rel}","templated":true}]}}